{"id":25,"date":"2025-06-22T21:37:01","date_gmt":"2025-06-22T19:37:01","guid":{"rendered":"https:\/\/www.autourdelauto.fr\/?page_id=25"},"modified":"2025-11-01T18:18:01","modified_gmt":"2025-11-01T17:18:01","slug":"bienvenue-chez-autour-de-lauto-garage-davy","status":"publish","type":"page","link":"https:\/\/www.autourdelauto.fr\/bienvenue-chez-autour-de-lauto-garage-davy\/","title":{"rendered":"Vente &amp; r\u00e9paration de v\u00e9hicules"},"content":{"rendered":"\n<p>Des v\u00e9hicules pr\u00eats \u00e0 rouler. Un service artisanal de confiance.<\/p>\n\n\n\n<p>[<a href=\"https:\/\/www.autourdelauto.fr\/bienvenue-chez-autour-de-lauto-garage-davy\/occasions\/?categories=7\" data-type=\"link\" data-id=\"https:\/\/www.autourdelauto.fr\/bienvenue-chez-autour-de-lauto-garage-davy\/les-tops-du-mois\/\"> Voir nos v\u00e9hicules <\/a>] [ <a href=\"https:\/\/www.autourdelauto.fr\/bienvenue-chez-autour-de-lauto-garage-davy\/contact\/\" data-type=\"link\" data-id=\"https:\/\/www.autourdelauto.fr\/bienvenue-chez-autour-de-lauto-garage-davy\/contact\/\">Nous contacter<\/a> ]<\/p>\n\n\n\n<p><strong>Des voitures s\u00e9lectionn\u00e9es, un accueil personnalis\u00e9, pas de vente en ligne \u2013 que du concret.<\/strong><\/p>\n\n\n\n<hr class=\"wp-block-separator has-alpha-channel-opacity\"\/>\n\n\n\n<h3 class=\"wp-block-heading\">\ud83d\udccd <strong>Qui sommes-nous ?<\/strong><\/h3>\n\n\n\n<p>Chez <strong>Autour de l\u2019Auto<\/strong>, on vous propose des <strong>v\u00e9hicules d\u2019occasion fiables<\/strong>, au bon prix, avec un vrai contact humain.<br>Pas de clics interminables : <strong>venez voir les v\u00e9hicules, discutez avec Davy, repartez si vous trouvez votre bonheur.<\/strong><\/p>\n\n\n\n<p>\ud83e\uddd1\ud83c\udffe\u200d\ud83d\udd27 <strong>Davy, le g\u00e9rant<\/strong>, passionn\u00e9 et \u00e0 l\u2019\u00e9coute, vous accompagne dans le choix de votre voiture comme si c\u2019\u00e9tait pour un proche.<\/p>\n\n\n\n<hr class=\"wp-block-separator has-alpha-channel-opacity\"\/>\n\n\n\n<p><\/p>\n","protected":false},"excerpt":{"rendered":"<p>Des v\u00e9hicules pr\u00eats \u00e0 rouler. Un service artisanal de confiance. [ Voir nos v\u00e9hicules ] [ Nous contacter ] Des voitures s\u00e9lectionn\u00e9es, un accueil personnalis\u00e9, pas de vente en ligne \u2013 que du concret. \ud83d\udccd Qui sommes-nous ? Chez Autour de l\u2019Auto, on vous propose des v\u00e9hicules d\u2019occasion fiables, au bon prix, avec un vrai [&hellip;]<\/p>\n","protected":false},"author":1,"featured_media":0,"parent":0,"menu_order":0,"comment_status":"closed","ping_status":"closed","template":"","meta":{"footnotes":""},"class_list":["post-25","page","type-page","status-publish","hentry"],"_links":{"self":[{"href":"https:\/\/www.autourdelauto.fr\/bienvenue-chez-autour-de-lauto-garage-davy\/wp-json\/wp\/v2\/pages\/25","targetHints":{"allow":["GET"]}}],"collection":[{"href":"https:\/\/www.autourdelauto.fr\/bienvenue-chez-autour-de-lauto-garage-davy\/wp-json\/wp\/v2\/pages"}],"about":[{"href":"https:\/\/www.autourdelauto.fr\/bienvenue-chez-autour-de-lauto-garage-davy\/wp-json\/wp\/v2\/types\/page"}],"author":[{"embeddable":true,"href":"https:\/\/www.autourdelauto.fr\/bienvenue-chez-autour-de-lauto-garage-davy\/wp-json\/wp\/v2\/users\/1"}],"replies":[{"embeddable":true,"href":"https:\/\/www.autourdelauto.fr\/bienvenue-chez-autour-de-lauto-garage-davy\/wp-json\/wp\/v2\/comments?post=25"}],"version-history":[{"count":13,"href":"https:\/\/www.autourdelauto.fr\/bienvenue-chez-autour-de-lauto-garage-davy\/wp-json\/wp\/v2\/pages\/25\/revisions"}],"predecessor-version":[{"id":492,"href":"https:\/\/www.autourdelauto.fr\/bienvenue-chez-autour-de-lauto-garage-davy\/wp-json\/wp\/v2\/pages\/25\/revisions\/492"}],"wp:attachment":[{"href":"https:\/\/www.autourdelauto.fr\/bienvenue-chez-autour-de-lauto-garage-davy\/wp-json\/wp\/v2\/media?parent=25"}],"curies":[{"name":"wp","href":"https:\/\/api.w.org\/{rel}","templated":true}]}}